{"id":292,"date":"2022-01-26T10:24:04","date_gmt":"2022-01-26T10:24:04","guid":{"rendered":"https:\/\/grand-hotel-de-valenciennes.ms.decms.eu\/chambres-et-appartements\/"},"modified":"2023-02-07T14:11:35","modified_gmt":"2023-02-07T14:11:35","slug":"rooms-apartments","status":"publish","type":"page","link":"https:\/\/www.grand-hotel-de-valenciennes.fr\/en\/rooms-apartments\/","title":{"rendered":"Rooms &#038; apartments"},"content":{"rendered":"<p>The Grand Hotel de Valenciennes, opposite the train station, has 82 accommodations including 76 rooms for your short and medium stays, divided into 2 categories:<\/p>\n<ul>\n<li>The Tradition room (from 13 to 20 m2)<\/li>\n<li>The Privilege room (from 15 to 35 m2)<\/li>\n<\/ul>\n<p>They all have their own charm, their own warm and cheerful style, their own decoration and atmosphere.<\/p>\n<p>We also offer for rent 6 T2 apartments, entirely renovated, with a surface area of 35 m2, with a contemporary decor and perfectly equipped&#8230;<\/p>\n<p><em><strong>At your arrival:<\/strong> \u00a0<\/em><em>A receptionist from our multilingual team (French, English, German, Spanish) will be present 24\/7 to welcome you.<\/em><\/p>\n","protected":false},"excerpt":{"rendered":"<p>The Grand Hotel de Valenciennes, opposite the train station, has 82 accommodations including 76 rooms for your short and medium stays, divided into 2 categories: The Tradition room (from 13 to 20 m2) The Privilege room (from 15 to 35 m2) They all have their own charm, their own warm and cheerful style, their own [&hellip;]<\/p>\n","protected":false},"author":137,"featured_media":0,"parent":0,"menu_order":20,"comment_status":"closed","ping_status":"closed","template":"template-rooms.php","meta":{"footnotes":""},"class_list":["post-292","page","type-page","status-publish","hentry"],"yoast_head":"<!-- This site is optimized with the Yoast SEO plugin v26.9 - https:\/\/yoast.com\/product\/yoast-seo-wordpress\/ -->\n<title>H\u00f4tel Valenciennes gare | Retrouvez notre h\u00f4tel et ses Chambres chaleureuses<\/title>\n<meta name=\"description\" content=\"D\u00e9couvrez le Grand H\u00f4tel de Valenciennes et ses Chambres et r\u00e9servez votre s\u00e9jour dans notre H\u00f4tel Valenciennes gare au meilleur prix garanti sur le site officiel !\" \/>\n<meta name=\"robots\" content=\"index, follow, max-snippet:-1, max-image-preview:large, max-video-preview:-1\" \/>\n<link rel=\"canonical\" href=\"https:\/\/www.grand-hotel-de-valenciennes.fr\/en\/rooms-apartments\/\" \/>\n<meta property=\"og:locale\" content=\"en_US\" \/>\n<meta property=\"og:type\" content=\"article\" \/>\n<meta property=\"og:title\" content=\"H\u00f4tel Valenciennes gare | Retrouvez notre h\u00f4tel et ses Chambres chaleureuses\" \/>\n<meta property=\"og:description\" content=\"D\u00e9couvrez le Grand H\u00f4tel de Valenciennes et ses Chambres et r\u00e9servez votre s\u00e9jour dans notre H\u00f4tel Valenciennes gare au meilleur prix garanti sur le site officiel !\" \/>\n<meta property=\"og:url\" content=\"https:\/\/www.grand-hotel-de-valenciennes.fr\/en\/rooms-apartments\/\" \/>\n<meta property=\"og:site_name\" content=\"Le Grand Hotel de Valenciennes\" \/>\n<meta property=\"article:modified_time\" content=\"2023-02-07T14:11:35+00:00\" \/>\n<meta name=\"twitter:card\" content=\"summary_large_image\" \/>\n<meta name=\"twitter:label1\" content=\"Est. reading time\" \/>\n\t<meta name=\"twitter:data1\" content=\"1 minute\" \/>\n<script type=\"application\/ld+json\" class=\"yoast-schema-graph\">{\"@context\":\"https:\/\/schema.org\",\"@graph\":[{\"@type\":\"WebPage\",\"@id\":\"https:\/\/www.grand-hotel-de-valenciennes.fr\/en\/rooms-apartments\/\",\"url\":\"https:\/\/www.grand-hotel-de-valenciennes.fr\/en\/rooms-apartments\/\",\"name\":\"H\u00f4tel Valenciennes gare | Retrouvez notre h\u00f4tel et ses Chambres chaleureuses\",\"isPartOf\":{\"@id\":\"https:\/\/www.grand-hotel-de-valenciennes.fr\/en\/#website\"},\"datePublished\":\"2022-01-26T10:24:04+00:00\",\"dateModified\":\"2023-02-07T14:11:35+00:00\",\"description\":\"D\u00e9couvrez le Grand H\u00f4tel de Valenciennes et ses Chambres et r\u00e9servez votre s\u00e9jour dans notre H\u00f4tel Valenciennes gare au meilleur prix garanti sur le site officiel !\",\"breadcrumb\":{\"@id\":\"https:\/\/www.grand-hotel-de-valenciennes.fr\/en\/rooms-apartments\/#breadcrumb\"},\"inLanguage\":\"en-US\",\"potentialAction\":[{\"@type\":\"ReadAction\",\"target\":[\"https:\/\/www.grand-hotel-de-valenciennes.fr\/en\/rooms-apartments\/\"]}]},{\"@type\":\"BreadcrumbList\",\"@id\":\"https:\/\/www.grand-hotel-de-valenciennes.fr\/en\/rooms-apartments\/#breadcrumb\",\"itemListElement\":[{\"@type\":\"ListItem\",\"position\":1,\"name\":\"Home\",\"item\":\"https:\/\/www.grand-hotel-de-valenciennes.fr\/en\/\"},{\"@type\":\"ListItem\",\"position\":2,\"name\":\"Rooms &#038; apartments\"}]},{\"@type\":\"WebSite\",\"@id\":\"https:\/\/www.grand-hotel-de-valenciennes.fr\/en\/#website\",\"url\":\"https:\/\/www.grand-hotel-de-valenciennes.fr\/en\/\",\"name\":\"Le Grand Hotel de Valenciennes\",\"description\":\"\",\"potentialAction\":[{\"@type\":\"SearchAction\",\"target\":{\"@type\":\"EntryPoint\",\"urlTemplate\":\"https:\/\/www.grand-hotel-de-valenciennes.fr\/en\/?s={search_term_string}\"},\"query-input\":{\"@type\":\"PropertyValueSpecification\",\"valueRequired\":true,\"valueName\":\"search_term_string\"}}],\"inLanguage\":\"en-US\"}]}<\/script>\n<!-- \/ Yoast SEO plugin. -->","yoast_head_json":{"title":"H\u00f4tel Valenciennes gare | Retrouvez notre h\u00f4tel et ses Chambres chaleureuses","description":"D\u00e9couvrez le Grand H\u00f4tel de Valenciennes et ses Chambres et r\u00e9servez votre s\u00e9jour dans notre H\u00f4tel Valenciennes gare au meilleur prix garanti sur le site officiel !","robots":{"index":"index","follow":"follow","max-snippet":"max-snippet:-1","max-image-preview":"max-image-preview:large","max-video-preview":"max-video-preview:-1"},"canonical":"https:\/\/www.grand-hotel-de-valenciennes.fr\/en\/rooms-apartments\/","og_locale":"en_US","og_type":"article","og_title":"H\u00f4tel Valenciennes gare | Retrouvez notre h\u00f4tel et ses Chambres chaleureuses","og_description":"D\u00e9couvrez le Grand H\u00f4tel de Valenciennes et ses Chambres et r\u00e9servez votre s\u00e9jour dans notre H\u00f4tel Valenciennes gare au meilleur prix garanti sur le site officiel !","og_url":"https:\/\/www.grand-hotel-de-valenciennes.fr\/en\/rooms-apartments\/","og_site_name":"Le Grand Hotel de Valenciennes","article_modified_time":"2023-02-07T14:11:35+00:00","twitter_card":"summary_large_image","twitter_misc":{"Est. reading time":"1 minute"},"schema":{"@context":"https:\/\/schema.org","@graph":[{"@type":"WebPage","@id":"https:\/\/www.grand-hotel-de-valenciennes.fr\/en\/rooms-apartments\/","url":"https:\/\/www.grand-hotel-de-valenciennes.fr\/en\/rooms-apartments\/","name":"H\u00f4tel Valenciennes gare | Retrouvez notre h\u00f4tel et ses Chambres chaleureuses","isPartOf":{"@id":"https:\/\/www.grand-hotel-de-valenciennes.fr\/en\/#website"},"datePublished":"2022-01-26T10:24:04+00:00","dateModified":"2023-02-07T14:11:35+00:00","description":"D\u00e9couvrez le Grand H\u00f4tel de Valenciennes et ses Chambres et r\u00e9servez votre s\u00e9jour dans notre H\u00f4tel Valenciennes gare au meilleur prix garanti sur le site officiel !","breadcrumb":{"@id":"https:\/\/www.grand-hotel-de-valenciennes.fr\/en\/rooms-apartments\/#breadcrumb"},"inLanguage":"en-US","potentialAction":[{"@type":"ReadAction","target":["https:\/\/www.grand-hotel-de-valenciennes.fr\/en\/rooms-apartments\/"]}]},{"@type":"BreadcrumbList","@id":"https:\/\/www.grand-hotel-de-valenciennes.fr\/en\/rooms-apartments\/#breadcrumb","itemListElement":[{"@type":"ListItem","position":1,"name":"Home","item":"https:\/\/www.grand-hotel-de-valenciennes.fr\/en\/"},{"@type":"ListItem","position":2,"name":"Rooms &#038; apartments"}]},{"@type":"WebSite","@id":"https:\/\/www.grand-hotel-de-valenciennes.fr\/en\/#website","url":"https:\/\/www.grand-hotel-de-valenciennes.fr\/en\/","name":"Le Grand Hotel de Valenciennes","description":"","potentialAction":[{"@type":"SearchAction","target":{"@type":"EntryPoint","urlTemplate":"https:\/\/www.grand-hotel-de-valenciennes.fr\/en\/?s={search_term_string}"},"query-input":{"@type":"PropertyValueSpecification","valueRequired":true,"valueName":"search_term_string"}}],"inLanguage":"en-US"}]}},"acf":[],"_links":{"self":[{"href":"https:\/\/www.grand-hotel-de-valenciennes.fr\/en\/wp-json\/wp\/v2\/pages\/292","targetHints":{"allow":["GET"]}}],"collection":[{"href":"https:\/\/www.grand-hotel-de-valenciennes.fr\/en\/wp-json\/wp\/v2\/pages"}],"about":[{"href":"https:\/\/www.grand-hotel-de-valenciennes.fr\/en\/wp-json\/wp\/v2\/types\/page"}],"author":[{"embeddable":true,"href":"https:\/\/www.grand-hotel-de-valenciennes.fr\/en\/wp-json\/wp\/v2\/users\/137"}],"replies":[{"embeddable":true,"href":"https:\/\/www.grand-hotel-de-valenciennes.fr\/en\/wp-json\/wp\/v2\/comments?post=292"}],"version-history":[{"count":0,"href":"https:\/\/www.grand-hotel-de-valenciennes.fr\/en\/wp-json\/wp\/v2\/pages\/292\/revisions"}],"wp:attachment":[{"href":"https:\/\/www.grand-hotel-de-valenciennes.fr\/en\/wp-json\/wp\/v2\/media?parent=292"}],"curies":[{"name":"wp","href":"https:\/\/api.w.org\/{rel}","templated":true}]}}